{"id":64,"date":"2014-03-16T14:39:16","date_gmt":"2014-03-16T18:39:16","guid":{"rendered":"http:\/\/54.200.243.200\/wordpress\/?page_id=64"},"modified":"2024-11-04T06:25:03","modified_gmt":"2024-11-04T10:25:03","slug":"home","status":"publish","type":"page","link":"https:\/\/clientes.random.cl\/productos\/","title":{"rendered":"Home"},"content":{"rendered":"<p>Bienvenido a la p\u00e1gina de descargas de Random.<\/p>\r\n<p>El men\u00fa de la Descargas contiene los links para descargar actualizaciones de los productos Random.<\/p>\r\n<p>El men\u00fa de Art\u00edculos puede encontrar art\u00edculos sobre nuevas funciones incorporadas a nuestros productos.<\/p>\r\n<p>\u00a0<\/p>\r\n<p>\u00a0<\/p>\r\n<p>\u00a0<\/p>\r\n\r\n\r\n<h4>Destacados<\/h4>\r\n\r\n\r\n\r\n<ul class=\"lcp_catlist\" id=\"lcp_instance_0\"><li><a href=\"https:\/\/clientes.random.cl\/productos\/cambio-en-protocolo-sii\/\">Cambio en protocolo SII<\/a>  26\/10\/2022<\/li><li><a href=\"https:\/\/clientes.random.cl\/productos\/anuncio-sii-envio-boletas-electronicas\/\">Anuncio SII env\u00edo boletas electr\u00f3nicas<\/a>  20\/09\/2022<\/li><li><a href=\"https:\/\/clientes.random.cl\/productos\/emision-de-boleta-en-ventas-pagadas-con-tarjeta-sii\/\">Emisi\u00f3n de boleta en ventas pagadas con tarjeta (SII)<\/a>  15\/04\/2021<\/li><li><a href=\"https:\/\/clientes.random.cl\/productos\/tratamiento-cuentas-de-analisis-contabilidad-peru\/\">Tratamiento cuentas de an\u00e1lisis contabilidad (Per\u00fa)<\/a>  26\/03\/2019<\/li><li><a href=\"https:\/\/clientes.random.cl\/productos\/guia-que-no-constituyen-venta\/\">Gu\u00eda que no constituye venta<\/a>  13\/02\/2019<\/li><li><a href=\"https:\/\/clientes.random.cl\/productos\/mejora-en-el-informe-de-estado-de-envios-dte\/\">Mejora en el informe de estado de env\u00edos DTE<\/a>  07\/02\/2019<\/li><\/ul>\r\n\r\n\r\n\r\n<p><\/p>\r\n\r\n<a href=\"https:\/\/clientes.random.cl\/productos\/ukrainskii-magazin-veipov-i-elektronnikh-sigaret-onlain\/\">article<\/a>","protected":false},"excerpt":{"rendered":"<p>Bienvenido a la p\u00e1gina de descargas de Random. El men\u00fa de la Descargas contiene los links para descargar actualizaciones de los productos Random. El men\u00fa de Art\u00edculos puede encontrar art\u00edculos sobre nuevas funciones incorporadas a nuestros productos. \u00a0 \u00a0 \u00a0 Destacados article<\/p>\n","protected":false},"author":1,"featured_media":0,"parent":0,"menu_order":0,"comment_status":"open","ping_status":"open","template":"","meta":[],"_links":{"self":[{"href":"https:\/\/clientes.random.cl\/productos\/wp-json\/wp\/v2\/pages\/64"}],"collection":[{"href":"https:\/\/clientes.random.cl\/productos\/wp-json\/wp\/v2\/pages"}],"about":[{"href":"https:\/\/clientes.random.cl\/productos\/wp-json\/wp\/v2\/types\/page"}],"author":[{"embeddable":true,"href":"https:\/\/clientes.random.cl\/productos\/wp-json\/wp\/v2\/users\/1"}],"replies":[{"embeddable":true,"href":"https:\/\/clientes.random.cl\/productos\/wp-json\/wp\/v2\/comments?post=64"}],"version-history":[{"count":14,"href":"https:\/\/clientes.random.cl\/productos\/wp-json\/wp\/v2\/pages\/64\/revisions"}],"predecessor-version":[{"id":3613,"href":"https:\/\/clientes.random.cl\/productos\/wp-json\/wp\/v2\/pages\/64\/revisions\/3613"}],"wp:attachment":[{"href":"https:\/\/clientes.random.cl\/productos\/wp-json\/wp\/v2\/media?parent=64"}],"curies":[{"name":"wp","href":"https:\/\/api.w.org\/{rel}","templated":true}]}}