{"id":11,"date":"2014-12-14T15:22:55","date_gmt":"2014-12-14T19:22:55","guid":{"rendered":"http:\/\/54.200.243.200\/wordpress\/?page_id=11"},"modified":"2016-12-29T13:32:22","modified_gmt":"2016-12-29T17:32:22","slug":"aplicaciones-moviles","status":"publish","type":"page","link":"https:\/\/clientes.random.cl\/productos\/aplicaciones-moviles\/","title":{"rendered":"Random M\u00f3vil"},"content":{"rendered":"<p>Para descargar Random M\u00f3vil en su equipo Android, por favor visite la siguiente direcci\u00f3n desde su equipo m\u00f3vil:<\/p>\n<p><a href=\"http:\/\/descargas.random.cl\/appmovil\/android\/index.html\">http:\/\/descargas.random.cl\/appmovil\/android\/index.html<\/a><\/p>\n","protected":false},"excerpt":{"rendered":"<p>Para descargar Random M\u00f3vil en su equipo Android, por favor visite la siguiente direcci\u00f3n desde su equipo m\u00f3vil: http:\/\/descargas.random.cl\/appmovil\/android\/index.html<\/p>\n","protected":false},"author":1,"featured_media":0,"parent":0,"menu_order":0,"comment_status":"closed","ping_status":"closed","template":"","meta":[],"_links":{"self":[{"href":"https:\/\/clientes.random.cl\/productos\/wp-json\/wp\/v2\/pages\/11"}],"collection":[{"href":"https:\/\/clientes.random.cl\/productos\/wp-json\/wp\/v2\/pages"}],"about":[{"href":"https:\/\/clientes.random.cl\/productos\/wp-json\/wp\/v2\/types\/page"}],"author":[{"embeddable":true,"href":"https:\/\/clientes.random.cl\/productos\/wp-json\/wp\/v2\/users\/1"}],"replies":[{"embeddable":true,"href":"https:\/\/clientes.random.cl\/productos\/wp-json\/wp\/v2\/comments?post=11"}],"version-history":[{"count":9,"href":"https:\/\/clientes.random.cl\/productos\/wp-json\/wp\/v2\/pages\/11\/revisions"}],"predecessor-version":[{"id":1576,"href":"https:\/\/clientes.random.cl\/productos\/wp-json\/wp\/v2\/pages\/11\/revisions\/1576"}],"wp:attachment":[{"href":"https:\/\/clientes.random.cl\/productos\/wp-json\/wp\/v2\/media?parent=11"}],"curies":[{"name":"wp","href":"https:\/\/api.w.org\/{rel}","templated":true}]}}